{"id":1165,"date":"2008-11-06T10:24:35","date_gmt":"2008-11-06T10:24:35","guid":{"rendered":"http:\/\/fmtvnet.wordpress.com\/?page_id=1165"},"modified":"2018-06-10T16:59:11","modified_gmt":"2018-06-10T14:59:11","slug":"flyer-fm-tvnet","status":"publish","type":"page","link":"https:\/\/www.fm-tv.net\/wordpress\/?page_id=1165","title":{"rendered":"Flyer   FM-TV.NET"},"content":{"rendered":"<p><!--[if gte mso 9]&gt;  Normal 0 21   false false false        MicrosoftInternetExplorer4  &lt;![endif]--><!--[if gte mso 9]&gt;   &lt;![endif]--><\/p>\n<p class=\"MsoNormal\" style=\"margin-bottom: 6pt; text-align: center;\"><strong><span style=\"background: silver none repeat scroll 0 0; font-size: 48pt; color: navy;\">FM-TV.NET<\/span><\/strong><\/p>\n<p class=\"MsoNormal\" style=\"margin-bottom: 6pt; text-align: center;\"><!--[if gte mso 9]&gt;  Normal 0 21   false false false        MicrosoftInternetExplorer4  &lt;![endif]--><!--[if gte mso 9]&gt;   &lt;![endif]--><\/p>\n<div class=\"Section1\">\n<div style=\"border: 1pt solid white; background: #f2f2f2 none repeat scroll 0 0; padding: 12pt;\">\n<p class=\"Blockzitat\" style=\"background: #f2f2f2 none repeat scroll 0 0; text-align: center; margin: 0 0 6pt;\"><strong><span style=\"font-style: normal;\">FLUGBLATT \/ FLYER<\/span><\/strong><\/p>\n<p class=\"Blockzitat\" style=\"background: #f2f2f2 none repeat scroll 0 0; text-align: center; margin: 0 0 6pt;\"><strong><span style=\"font-size: 26pt; color: navy; font-style: normal;\">FM-TV.NET<\/span><\/strong><\/p>\n<p class=\"Blockzitat\" style=\"background: #f2f2f2 none repeat scroll 0 0; text-align: center; margin: 0 0 6pt;\"><span style=\"font-size: 18pt; font-style: normal;\">www.fm-tv.net<\/span><\/p>\n<\/div>\n<div style=\"border: medium medium 1pt none none solid 0 0 windowtext; padding: 0 0 1pt;\">\n<h2 style=\"margin-bottom: 6pt; text-align: center;\">MASSENARMUT\u00a0 FINANZNOTSTAND<\/h2>\n<\/div>\n<p class=\"MsoListNumber\" style=\"text-indent: 0; margin: 0 0 6pt;\"><!--[if !supportLists]--><strong><span style=\"font-family: Courier;\">1.<\/span><\/strong><!--[endif]--><em>Vor Milliarden-Korruptionen vor fast dreissig Jahren \u2013 von 1980 an &#8211; gewarnt: <\/em><em><span style=\"font-weight: normal;\">in der \u00d6ffentlichkeit, u.a. ARD, SZ, NEWSWEEK \u00a0. \u00a0. \u00a0. . \u00fcber B\u00fccher wie *MRCA-TORNADO* (Kurztitel), *ANTARIS*, *DWGM* (Kurztitel)<\/span><\/em><strong> <\/strong><\/p>\n<p class=\"MsoListNumber\" style=\"text-indent: 0; margin: 0 0 6pt;\"><!--[if !supportLists]--><strong><span style=\"font-family: Courier;\">2.<\/span><\/strong><!--[endif]--><em>Nichts angenommen: <\/em><em><span style=\"font-weight: normal;\">das Volk stumm und passiv . . .<\/span><\/em><\/p>\n<p class=\"MsoListNumber\" style=\"text-indent: 0; margin: 0 0 6pt;\"><!--[if !supportLists]--><strong><span style=\"font-family: Courier;\">3.<\/span><\/strong><!--[endif]--><strong>Millionen DM<\/strong> hatten die Betreiber der FM-TV.NET daf\u00fcr eingesetzt . . .<\/p>\n<div style=\"border: medium medium 1pt none none solid 0 0 windowtext; padding: 0 0 1pt;\">\n<h2 style=\"margin-bottom: 6pt; text-align: center;\">OBSERVATIONEN durch Korruptionscliquen die Folge<\/h2>\n<\/div>\n<p class=\"MsoBodyText\" style=\"margin-bottom: 6pt;\"><strong>Die Warnungen h\u00e4tten ausgereicht<\/strong>, um dem Land &#8211; auch Ihnen &#8211; eine bessere Zukunft zu sichern . . .<\/p>\n<p class=\"MsoBodyText\" style=\"margin-bottom: 6pt;\"><strong>Das Land lie\u00df sich nicht warnen<\/strong> . . . . es blutete aus . . .<\/p>\n<p class=\"MsoBodyText\" style=\"margin-bottom: 6pt;\">Und es wollte von <strong>L\u00f6sungen<\/strong>, die auf dem GRUNDGESETZ (GG) basieren, nichts h\u00f6ren . . .<\/p>\n<p class=\"MsoNormal\" style=\"margin-bottom: 6pt;\">\n<\/div>\n<div class=\"Section1\">\n<p class=\"MsoNormal\" style=\"margin-bottom: 6pt; text-align: center;\"><!--[if gte mso 9]&gt;  Normal 0 21   false false false        MicrosoftInternetExplorer4  &lt;![endif]--><!--[if gte mso 9]&gt;   &lt;![endif]--><\/p>\n<div style=\"border: 1pt solid windowtext; padding: 1pt 4pt;\">\n<p class=\"firmenname\" style=\"margin-bottom: 6pt; text-align: center; padding: 0;\"><strong><span style=\"font-size: 14pt;\">Art. 20 Abs. 4 GG<\/span><\/strong><\/p>\n<p class=\"firmenname\" style=\"margin-bottom: 6pt; text-align: center;\">(Deutsches GRUNDGESETZ)<\/p>\n<p class=\"MsoNormal\" style=\"margin-bottom: 6pt; text-align: center;\"><em><span style=\"font-size: 12pt;\">\u201eGegen jeden, der es unternimmt, diese Ordnung zu beseitigen, haben alle Deutschen das Recht zum Widerstand, wenn andere Abhilfe nicht m\u00f6glich ist.\u201c<\/span><\/em><\/p>\n<\/div>\n<p class=\"MsoNormal\" style=\"margin-bottom: 6pt; text-align: center;\"><em><br \/>\n<\/em><\/p>\n<p class=\"MsoNormal\" style=\"margin-bottom: 6pt; text-align: center;\">\n<p class=\"MsoNormal\" style=\"margin-bottom: 6pt; text-align: center;\"><strong><span style=\"background: silver none repeat scroll 0 0; font-size: 48pt; color: navy;\">FM-TV.NET<\/span><\/strong><strong> <\/strong><\/p>\n<h4 style=\"margin-bottom: 6pt; text-align: center;\"><span style=\"font-family: &amp;;\">Internet-TV-Sender<\/span><\/h4>\n<p class=\"Absenderadresse\" style=\"margin-bottom: 6pt; text-align: center;\"><span style=\"font-family: &amp;;\">Berduxstrasse 22 \/ IV<\/span><\/p>\n<p class=\"Absenderadresse\" style=\"margin-bottom: 6pt; text-align: center;\"><span style=\"font-family: &amp;;\">D &#8211; 8 1 2 4 5\u00a0 M \u00fc n c h e n<\/span><\/p>\n<p class=\"Absenderadresse\" style=\"margin-bottom: 6pt; text-align: center;\"><span style=\"font-family: &amp;;\">Tel. (089) 23 702 043\u00a0 Fu. 0170 8063 900<\/span><\/p>\n<p class=\"Absenderadresse\" style=\"margin-bottom: 6pt; text-align: center;\"><span style=\"font-family: &amp;;\">Tel. (089) 287 882 43\u00a0 Fax (089) 287 882 48<br \/>\n<\/span><\/p>\n<p class=\"Absenderadresse\" style=\"margin-bottom: 6pt; text-align: center;\"><span style=\"font-family: &amp;;\">e-mail: <a href=\"mailto:fm-tv@action.ms\">fm-tv@action.ms<\/a><\/span><\/p>\n<p class=\"Absenderadresse\" style=\"margin-bottom: 6pt; text-align: center;\"><strong><span style=\"font-size: 12pt; font-family: &amp;;\">internet: <a href=\"http:\/\/www.fm-tv.net\/\">www.fm-tv.net<\/a><\/span><\/strong><\/p>\n<p class=\"MsoNormal\" style=\"margin-bottom: .0001pt; text-align: center;\"><span style=\"font-size: 9pt; font-family: &amp;;\">Betreiber: richard kendel-koeppl\u00a0 robert kendel <\/span><\/p>\n<p class=\"MsoNormal\" style=\"margin-bottom: .0001pt; text-align: center;\"><span style=\"font-size: 9pt; font-family: &amp;;\"><br \/>\n<\/span><\/p>\n<div style=\"border: 1pt medium medium solid none none windowtext 0 0; padding: 5pt 0 0;\">\n<p><span style=\"font-size: 16pt; font-family: Garamond; text-transform: uppercase; letter-spacing: -.5pt;\"><br \/>\n<\/span><\/p>\n<p class=\"Firmenname\" style=\"margin-bottom: 6pt; text-align: center;\"><strong>FM<\/strong> steht f\u00fcr<\/p>\n<p class=\"Firmenname\" style=\"margin-bottom: 6pt; text-align: center;\">\u201e<strong>Freie Meinung<\/strong>\u201c<\/p>\n<\/div>\n<p class=\"UnterberschriftTitelseite\" style=\"margin-bottom: 6pt; text-align: center;\"><span style=\"letter-spacing: -1.5pt;\">Z<\/span>ukunft nur mit ausgebildeten Politikern!<\/p>\n<p class=\"UnterberschriftTitelseite\" style=\"margin-bottom: 6pt; text-align: center;\"><span style=\"font-size: 12pt;\">Das <strong>FM-TV-Kamerateam<\/strong>: im Einsatz und Verantwortung\u00a0 f\u00fcr das Land . . . <\/span><\/p>\n<p class=\"MsoNormal\" style=\"margin-bottom: 6pt; text-align: center; line-height: normal;\">Wie gesagt, die Betreiber hatten Millionenbetr\u00e4ge f\u00fcr das Land verwendet. Sie sind auf Anerkennung angewiesen. Die k\u00f6nnen erfolgen in einer Verbreitung der FM-TV.NET oder in Form von Leistungen wie:<\/p>\n<p class=\"MsoNormal\" style=\"margin-bottom: 6pt; text-align: center; line-height: normal;\">&#8211; Sachspenden<\/p>\n<p class=\"MsoNormal\" style=\"margin-bottom: 6pt; text-align: center; line-height: normal;\">&#8211; Geldspenden<\/p>\n<p class=\"MsoNormal\" style=\"margin-bottom: 6pt; text-align: center; line-height: normal;\">&#8211; Sonstige Leistungen . . .<\/p>\n<p class=\"MsoNormal\" style=\"margin-bottom: 6pt; line-height: normal;\">\u00dcberweisen Sie bitte einen Betrag Ihrer Wahl auf das Konto &gt;ANTARIS&lt; Konto-No. 58147315\u00a0 BLZ 70150000 (Stadtsparkasse M\u00fcnchen). Sofern Sie es w\u00fcnschen, bekommen Sie einen Beleg und hierf\u00fcr auch ihren Namen in der FM-TV.NET weltweit genannt. Das kann sp\u00e4ter eine positive Bedeutung haben . . .<\/p>\n<\/div>\n<p style=\"text-align: center;\"><a href=\"http:\/\/fmtvnet.files.wordpress.com\/2008\/11\/flugbl_neu_1.jpg\"><img loading=\"lazy\" class=\"aligncenter size-full wp-image-3574\" title=\"Flugbl_neu_1\" src=\"http:\/\/fmtvnet.files.wordpress.com\/2008\/11\/flugbl_neu_1.jpg\" alt=\"\" width=\"604\" height=\"854\" \/><\/a><\/p>\n<p style=\"text-align: center;\"><a href=\"http:\/\/fmtvnet.files.wordpress.com\/2008\/11\/flugbl_neu_2.jpg\"><img loading=\"lazy\" class=\"aligncenter size-full wp-image-3575\" title=\"Flugbl_neu_2\" src=\"http:\/\/fmtvnet.files.wordpress.com\/2008\/11\/flugbl_neu_2.jpg\" alt=\"\" width=\"604\" height=\"854\" \/><\/a><\/p>\n<p><span style=\"font-size: 11pt; font-family: Garamond;\"><br \/>\n<\/span><\/p>\n<p class=\"MsoBodyText\" style=\"margin-bottom: 6pt; text-align: left;\"><a href=\"http:\/\/fmtvnet.wordpress.com\/\"><span style=\"text-decoration: underline;\">zur Titelseite <\/span><\/a><\/p>\n","protected":false},"excerpt":{"rendered":"<p>FM-TV.NET FLUGBLATT \/ FLYER FM-TV.NET www.fm-tv.net MASSENARMUT\u00a0 FINANZNOTSTAND 1.Vor Milliarden-Korruptionen vor fast dreissig Jahren \u2013 von 1980 an &#8211; gewarnt: in der \u00d6ffentlichkeit, u.a. ARD, SZ, NEWSWEEK \u00a0. \u00a0. \u00a0. . \u00fcber B\u00fccher wie *MRCA-TORNADO* (Kurztitel), *ANTARIS*, *DWGM* (Kurztitel) 2.Nichts angenommen: das Volk stumm und passiv . . . 3.Millionen DM hatten die Betreiber der [&hellip;]<\/p>\n","protected":false},"author":2,"featured_media":0,"parent":0,"menu_order":0,"comment_status":"open","ping_status":"closed","template":"","meta":[],"_links":{"self":[{"href":"https:\/\/www.fm-tv.net\/wordpress\/index.php?rest_route=\/wp\/v2\/pages\/1165"}],"collection":[{"href":"https:\/\/www.fm-tv.net\/wordpress\/index.php?rest_route=\/wp\/v2\/pages"}],"about":[{"href":"https:\/\/www.fm-tv.net\/wordpress\/index.php?rest_route=\/wp\/v2\/types\/page"}],"author":[{"embeddable":true,"href":"https:\/\/www.fm-tv.net\/wordpress\/index.php?rest_route=\/wp\/v2\/users\/2"}],"replies":[{"embeddable":true,"href":"https:\/\/www.fm-tv.net\/wordpress\/index.php?rest_route=%2Fwp%2Fv2%2Fcomments&post=1165"}],"version-history":[{"count":1,"href":"https:\/\/www.fm-tv.net\/wordpress\/index.php?rest_route=\/wp\/v2\/pages\/1165\/revisions"}],"predecessor-version":[{"id":14426,"href":"https:\/\/www.fm-tv.net\/wordpress\/index.php?rest_route=\/wp\/v2\/pages\/1165\/revisions\/14426"}],"wp:attachment":[{"href":"https:\/\/www.fm-tv.net\/wordpress\/index.php?rest_route=%2Fwp%2Fv2%2Fmedia&parent=1165"}],"curies":[{"name":"wp","href":"https:\/\/api.w.org\/{rel}","templated":true}]}}