{"id":1737,"date":"2008-07-30T21:16:48","date_gmt":"2008-07-30T21:16:48","guid":{"rendered":"http:\/\/www.fm-tv.net\/wordpress\/?page_id=1737"},"modified":"2015-05-27T12:38:57","modified_gmt":"2015-05-27T10:38:57","slug":"about","status":"publish","type":"page","link":"https:\/\/www.fm-tv.net\/wordpress\/?page_id=1737","title":{"rendered":"\u00dcber uns"},"content":{"rendered":"<p>&nbsp;<\/p>\n<p>Diese Webseite fm-tv.net ist wie die \u00fcbrigen Webseiten fm-tv.com und fm-tv.eu wie antaris.tv und constantin-v-antaris.de<\/p>\n<p>eine Ver\u00f6ffentlichung des Politschriftstellers und Politfilmers J.Hermann Koeppl (Schriftstellername: richard c. kendel und constantin v. antaris)<\/p>\n<p>Mitwirkender: Korruptionsermittler (MRCA-Tornado-Affaire) Dr. rer.pol. J. Bob Koeppl (robert kendel).<\/p>\n<p>Diese Webseite dient der blo\u00dfen Unterrichtung und nicht kommerziellen Interessen! Sie dient dem Informationsaustausch. Das K\u00fcrzel &gt;fm&lt; steht f\u00fcr &gt;freier Meinungsaustausch&lt;.<\/p>\n<p>&nbsp;<\/p>\n<p>Sie k\u00f6nnten jedoch diese seit 1979 w\u00e4hrenden Warnungen mit dem Ziel der Bewahrung Deutschlands, des Westens vornehmlich vor einer Finanzkatastrophe unterst\u00fctzen (<a href=\"https:\/\/www.fm-tv.net\/wordpress\/?p=310\"><strong>Unterst\u00fctzungshinweis h i e r<\/strong><\/a>).<\/p>\n<p>&nbsp;<\/p>\n<p><a href=\"http:\/\/fmtvnet.wordpress.com\/\">zur Titelseite <\/a><\/p>\n","protected":false},"excerpt":{"rendered":"<p>&nbsp; Diese Webseite fm-tv.net ist wie die \u00fcbrigen Webseiten fm-tv.com und fm-tv.eu wie antaris.tv und constantin-v-antaris.de eine Ver\u00f6ffentlichung des Politschriftstellers und Politfilmers J.Hermann Koeppl (Schriftstellername: richard c. kendel und constantin v. antaris) Mitwirkender: Korruptionsermittler (MRCA-Tornado-Affaire) Dr. rer.pol. J. Bob Koeppl (robert kendel). Diese Webseite dient der blo\u00dfen Unterrichtung und nicht kommerziellen Interessen! Sie dient dem [&hellip;]<\/p>\n","protected":false},"author":2,"featured_media":0,"parent":0,"menu_order":0,"comment_status":"open","ping_status":"closed","template":"","meta":[],"_links":{"self":[{"href":"https:\/\/www.fm-tv.net\/wordpress\/index.php?rest_route=\/wp\/v2\/pages\/1737"}],"collection":[{"href":"https:\/\/www.fm-tv.net\/wordpress\/index.php?rest_route=\/wp\/v2\/pages"}],"about":[{"href":"https:\/\/www.fm-tv.net\/wordpress\/index.php?rest_route=\/wp\/v2\/types\/page"}],"author":[{"embeddable":true,"href":"https:\/\/www.fm-tv.net\/wordpress\/index.php?rest_route=\/wp\/v2\/users\/2"}],"replies":[{"embeddable":true,"href":"https:\/\/www.fm-tv.net\/wordpress\/index.php?rest_route=%2Fwp%2Fv2%2Fcomments&post=1737"}],"version-history":[{"count":4,"href":"https:\/\/www.fm-tv.net\/wordpress\/index.php?rest_route=\/wp\/v2\/pages\/1737\/revisions"}],"predecessor-version":[{"id":6278,"href":"https:\/\/www.fm-tv.net\/wordpress\/index.php?rest_route=\/wp\/v2\/pages\/1737\/revisions\/6278"}],"wp:attachment":[{"href":"https:\/\/www.fm-tv.net\/wordpress\/index.php?rest_route=%2Fwp%2Fv2%2Fmedia&parent=1737"}],"curies":[{"name":"wp","href":"https:\/\/api.w.org\/{rel}","templated":true}]}}