{"id":1739,"date":"2008-07-30T21:31:11","date_gmt":"2008-07-30T21:31:11","guid":{"rendered":"http:\/\/fmtvnet.wordpress.com\/?page_id=4"},"modified":"2017-03-24T11:51:37","modified_gmt":"2017-03-24T09:51:37","slug":"impressum","status":"publish","type":"page","link":"https:\/\/www.fm-tv.net\/wordpress\/?page_id=1739","title":{"rendered":"0  Impressum"},"content":{"rendered":"<p><span style=\"font-size: large;\">Impressum <\/span><\/p>\n<p>i.S. d. \u00a7 5 TMG<\/p>\n<p>Diese Webseite <span style=\"font-weight: bold;\">fm-tv.net<\/span> (auch fm-tv.com und fm-tv.eu) ist wie die \u00fcbrigen Webseiten\u00a0<a href=\"http:\/\/fmtvnet.wordpress.com\/\">fmtvnet.wordpress.com<\/a> sowie die\u00a0 <a href=\"http:\/\/constantin-v-antaris.de\/\"><strong>constantin-v-antaris.de <\/strong><\/a>u. <a href=\"http:\/\/www.antaris.tv\/\"><strong>antaris.tv<\/strong><\/a><\/p>\n<p>eine Ver\u00f6ffentlichung von<\/p>\n<p><strong>richard c. kendel\u00a0\u00a0\u00a0\u00a0 &#8211;\u00a0\u00a0\u00a0 constantin v. antaris <\/strong><\/p>\n<p>Sie wird unterst\u00fctzt seitens des Korruptionsermittlers Dr. rer.pol. J.Bruno Koeppl (Schrifstellername: Robert Kendel)<\/p>\n<p style=\"text-align: center;\">D &#8211; 8 1 2 4 5\u00a0 M\u00dcNCHEN<\/p>\n<p style=\"text-align: center;\">Tel:\u00a0 +49(0)170-806 39 00<\/p>\n<p style=\"text-align: center;\">* e-mail: richard-kendel @email.de od. fm-tv@action.ms oder ca-film@email.de<\/p>\n<p>&nbsp;<\/p>\n<p>HINWEIS:<\/p>\n<p>Obige Telefon-Anschl\u00fcsse werden h\u00e4ufig seitens Unbekannt blockiert.<\/p>\n<p>Dies gilt auch f\u00fcr die Internet-Portale FM-TV.net \/ ANTARIS.TV \/ constantin-v-antaris.de.<\/p>\n<p>&nbsp;<\/p>\n<h4><span style=\"font-size: x-small;\"><strong>Diese Webseite FM-TV.net dient wie die anderen, vorstehend angegebenen Internetportale der blo\u00dfen Unterrichtung und nicht kommerziellen Interessen!<\/strong><\/span><\/h4>\n<p>&nbsp;<\/p>\n<p>So k\u00f6nnten Sie die seit 1979 anhaltenden Warnungen unterst\u00fctzen.<\/p>\n<p>(<a href=\"https:\/\/www.fm-tv.net\/wordpress\/?p=310\"><strong>Unterst\u00fctzungsformular<\/strong><\/a>)<\/p>\n<p>&nbsp;<\/p>\n<p><span style=\"font-size: x-small;\"><strong>Verantwortlich i.S.d. \u00a7 5 TMG:<\/strong><\/span><\/p>\n<p><span style=\"font-size: x-small;\">f\u00fcr die constantin-v-antaris.de \/ fm-tv.net \/ antaris.tv.net:<\/span><\/p>\n<p><span style=\"font-size: x-small;\">Autor:\u00a0\u00a0 richard c. kendel\u00a0\u00a0\u00a0 constantin v. antaris\u00a0 (b\u00fcrgerl. Name: j. hermann koeppl) <\/span><\/p>\n<p>&nbsp;<\/p>\n<p><a href=\"http:\/\/constantin-v-antaris.de\/Vita.html\"><span style=\"color: #ff00ff;\"><strong>LEBENSLAUF (Vita)<\/strong><\/span><\/a><\/p>\n<p>&nbsp;<\/p>\n<p style=\"text-align: center;\"><span style=\"font-size: small;\">fm-tv.net &#8211; ein freies Portal &#8211; <\/span><\/p>\n<p style=\"text-align: center;\"><span style=\"font-size: small;\">allein dem Allgemeinwohl unterworfen <\/span><\/p>\n<p style=\"text-align: center;\"><span style=\"font-size: small;\">(J.F. Kennedys Verm\u00e4chtnis)<\/span><\/p>\n<p>&nbsp;<\/p>\n<p>&nbsp;<\/p>\n<p style=\"text-align: center;\"><strong>Haftungsausschluss<\/strong><br \/>\nDer Herausgeber dieser Homepage \u00fcbernimmt keinerlei Gew\u00e4hr f\u00fcr die Aktualit\u00e4t, Korrektheit, Vollst\u00e4ndigkeit oder Qualit\u00e4t der angebotenen Informationen. Haftungsanspr\u00fcche gegen den Herausgeber, die durch die Nutzung oder Nichtnutzung der dargebotenen Informationen bzw. durch die Nutzung fehlerhafter und unvollst\u00e4ndiger Informationen verursacht wurden, sind grunds\u00e4tzlich komplett ausgeschlossen. Alle Angebote sind freibleibend und unverbindlich. Der Herausgeber beh\u00e4lt sich ausdr\u00fccklich das Recht vor, Teile der Seiten oder das gesamte Angebot ohne gesonderte Ank\u00fcndigung zu ver\u00e4ndern, zu erg\u00e4nzen, zu l\u00f6schen oder die Ver\u00f6ffentlichung zeitweise oder endg\u00fcltig einzustellen.<\/p>\n<p style=\"text-align: center;\">Die hier vorliegenden Ver\u00f6ffentlichungen sind Ver\u00f6ffentlichungen des Herausgebers dieser Seiten. Beitr\u00e4ge Dritter sind als solche gekennzeichnet. Alle Beitr\u00e4ge erfolgen nach bestem Wissen. Die Haftung ist auf grobe Fahrl\u00e4ssigkeit beschr\u00e4nkt. Die Ver\u00f6ffentlichung stellt keine Rechtsberatung dar.<\/p>\n<p style=\"text-align: center;\">F\u00fcr die Richtigkeit der Links, die auf Internetseiten anderer Anbieter verweisen, wird nicht gehaftet. Der Herausgeber beh\u00e4lt sich das Recht vor, Hyperlinks und \u00e4hnliche Verweise auf unser eigenes Internetangebot zu unterbinden.<\/p>\n<p style=\"text-align: center;\"><strong>Copyright<\/strong><\/p>\n<p style=\"text-align: center;\">Alle Rechte an diesen Internetseiten und an den auf ihr bereitgestellten Inhalten liegen bei den Urhebern. Dem Leser ist einger\u00e4umt, einzelne Inhalte herunterzuladen, zu nutzen und weiterzu\u00fcbertragen, sofern diese nicht ver\u00e4ndert und vorhandene Urheberrechtsvermerke nicht entfernt werden und dies nur nicht gewerblich Zwecken dient. Jede andere Art der Vervielf\u00e4ltigung, Wiedergabe, \u00dcbernahme, \u00dcbertragung, Entnahme, Weiterverwendung, des Kopierens oder des Verf\u00fcgbarmachens der Inhalte \u2013 auch nur auszugsweise &#8211; insbesondere zur Verwendung in elektronischen Medien oder drucktechnischen Erzeugnissen und\/oder zu gewerblichen Zwecken, ist untersagt und bedarf der ausdr\u00fccklichen Genehmigung durch den Herausgeber.<\/p>\n<p>&nbsp;<\/p>\n<p><a href=\"http:\/\/fmtvnet.wordpress.com\/\">zur Titelseite<\/a><\/p>\n<p>&nbsp;<\/p>\n","protected":false},"excerpt":{"rendered":"<p>Impressum i.S. d. \u00a7 5 TMG Diese Webseite fm-tv.net (auch fm-tv.com und fm-tv.eu) ist wie die \u00fcbrigen Webseiten\u00a0fmtvnet.wordpress.com sowie die\u00a0 constantin-v-antaris.de u. antaris.tv eine Ver\u00f6ffentlichung von richard c. kendel\u00a0\u00a0\u00a0\u00a0 &#8211;\u00a0\u00a0\u00a0 constantin v. antaris Sie wird unterst\u00fctzt seitens des Korruptionsermittlers Dr. rer.pol. J.Bruno Koeppl (Schrifstellername: Robert Kendel) D &#8211; 8 1 2 4 5\u00a0 M\u00dcNCHEN Tel:\u00a0 [&hellip;]<\/p>\n","protected":false},"author":2,"featured_media":0,"parent":0,"menu_order":0,"comment_status":"open","ping_status":"closed","template":"","meta":[],"_links":{"self":[{"href":"https:\/\/www.fm-tv.net\/wordpress\/index.php?rest_route=\/wp\/v2\/pages\/1739"}],"collection":[{"href":"https:\/\/www.fm-tv.net\/wordpress\/index.php?rest_route=\/wp\/v2\/pages"}],"about":[{"href":"https:\/\/www.fm-tv.net\/wordpress\/index.php?rest_route=\/wp\/v2\/types\/page"}],"author":[{"embeddable":true,"href":"https:\/\/www.fm-tv.net\/wordpress\/index.php?rest_route=\/wp\/v2\/users\/2"}],"replies":[{"embeddable":true,"href":"https:\/\/www.fm-tv.net\/wordpress\/index.php?rest_route=%2Fwp%2Fv2%2Fcomments&post=1739"}],"version-history":[{"count":23,"href":"https:\/\/www.fm-tv.net\/wordpress\/index.php?rest_route=\/wp\/v2\/pages\/1739\/revisions"}],"predecessor-version":[{"id":13608,"href":"https:\/\/www.fm-tv.net\/wordpress\/index.php?rest_route=\/wp\/v2\/pages\/1739\/revisions\/13608"}],"wp:attachment":[{"href":"https:\/\/www.fm-tv.net\/wordpress\/index.php?rest_route=%2Fwp%2Fv2%2Fmedia&parent=1739"}],"curies":[{"name":"wp","href":"https:\/\/api.w.org\/{rel}","templated":true}]}}