{"id":329,"date":"2008-09-27T18:10:34","date_gmt":"2008-09-27T18:10:34","guid":{"rendered":"http:\/\/fmtvnet.wordpress.com\/?page_id=329"},"modified":"2018-05-25T17:23:45","modified_gmt":"2018-05-25T15:23:45","slug":"buch-antaris","status":"publish","type":"page","link":"https:\/\/www.fm-tv.net\/wordpress\/?page_id=329","title":{"rendered":"BUCH *ANTARIS*"},"content":{"rendered":"<p><strong><span class=\"ProductNameText\">Buch (Roman) &gt;ANTARIS&lt; (1986)<br \/>\n<\/span><\/strong><\/p>\n<div style=\"text-align: center;\"><a href=\"http:\/\/fmtvnet.files.wordpress.com\/2008\/09\/antaris.jpg\"><img loading=\"lazy\" class=\"alignnone size-full wp-image-223\" title=\"Buch Antaris\" src=\"http:\/\/fmtvnet.files.wordpress.com\/2008\/09\/antaris.jpg\" alt=\"\" width=\"200\" height=\"300\" \/><\/a><\/div>\n<div>\n<div class=\"MsoNormal\" style=\"margin: 0;\"><\/div>\n<div class=\"MsoNormal\" style=\"margin: 0;\"><\/div>\n<div class=\"MsoNormal\" style=\"margin: 0;\"><span style=\"font-weight: bold;\">Autor: <span style=\"font-weight: normal;\">Robert Kendel (Pseudonym\u00a0des Dr. J.B. Koeppl)<\/span><\/span><\/div>\n<div class=\"MsoNormal\" style=\"margin: 0;\">In diesem Roman steht schon seit 1986 auf Seite 142 die GEHEIMSTRATEGIE, die u.a. am 11\/9, konkret am 11.9.2001 im WTC und WDC zur Anwendung gebracht wurde.<\/div>\n<div class=\"MsoNormal\" style=\"margin: 0;\">Auch wurden zusammen mit den B\u00fcchern MRCA-TORNADO und DWGM die heutigen Massenarmutstendenzen (Weltfinanzkatastrophe) vorausgezeichnet.<\/div>\n<div class=\"MsoNormal\" style=\"margin: 0;\">Das Buch ist und war seiner Zeit weit voraus. Und viele B\u00fcrger wissen heute nicht einmal um ganz klar erkennbare, das Leben eines Jeden beeinflussende Vorg\u00e4nge. Viele sehen weg<span> und meinen, das sei &#8222;positiv&#8220; und konstruktiv <\/span>\u2026<\/div>\n<\/div>\n<div>ISBN: 3-926073-00-4<\/div>\n<div>Preis: 14,95 \u20ac<\/div>\n<div>Aus dem Inhalt des Romans:<\/div>\n<p><!--[if !mso]&gt;--><\/p>\n<h1 style=\"text-align: center;\"><span style=\"font-size: 12pt;\"><strong>Treatment &gt; ANTARIS &lt; <\/strong><\/span><\/h1>\n<p class=\"MsoNormal\">Vorbemerkung:<\/p>\n<p class=\"MsoNormal\">wenn ganz besonders der deutschen Filmbranche unverdient die Millionen-Gelder fehlen, dann soll sie sich derer erinnern, die das Finanzdebakel in Deutschland 25 Jahre weit voraus beschrieben hatten . . .<\/p>\n<p class=\"MsoNormal\">Das sind unter anderem auch diejenigen, denen der Stoff &gt; ANTARIS &lt; von der Hand geflossen war . . . und diesen Stoff selbst durchlebten \u2013 mit allen schlimmen Folgen.<\/p>\n<p class=\"MsoNormal\">Ein Geist des berechtigten Widerstandes gegen eine Zeit nach 1945.<\/p>\n<p class=\"MsoNormal\">Wer anders k\u00f6nnte die Gef\u00fchle des Widerstandes besser beschreiben als der, der ihn auf sich nahm . . . .<\/p>\n<div style=\"border: medium medium 1.5pt none none solid 0 0 windowtext; padding: 0 0 1pt;\"><\/div>\n<p class=\"MsoNormal\">\n<p class=\"MsoNormal\">\n<p class=\"MsoNormal\">\n<p class=\"MsoNormal\">\n<p class=\"MsoNormal\" style=\"margin-right: -.25pt; text-align: center;\" align=\"center\"><!--[if gte vml 1]&gt;                    &lt;![endif]--><!--[if !vml]--><!--[endif]--><\/p>\n<p class=\"MsoNormal\" style=\"margin-right: -.25pt; text-align: center;\" align=\"center\">* * *CAFILM* * *<\/p>\n<p class=\"MsoNormal\" style=\"text-align: center;\" align=\"center\"><strong><span style=\"font-size: 14pt;\">* * * CONSTANTIN ANTARIS* * *<\/span><\/strong><\/p>\n<p class=\"MsoNormal\" style=\"text-align: center;\" align=\"center\">Verlag<\/p>\n<p class=\"MsoNormal\" style=\"text-align: center;\" align=\"center\"><strong>Roman &#8211; Drehbuch &#8211; Dokumentar <\/strong><\/p>\n<p class=\"MsoNormal\" style=\"text-align: center;\" align=\"center\"><strong>ca-antaris-news@email.de<\/strong><\/p>\n<p class=\"MsoNormal\">\n<p class=\"MsoNormal\">\n<p class=\"MsoNormal\">\n<p><!--[if gte mso 9]&gt;  Normal 0 21   false false false        MicrosoftInternetExplorer4  &lt;![endif]--><!--[if gte mso 9]&gt;   &lt;![endif]--><\/p>\n<p class=\"MsoNormal\">Version 10.10.01<\/p>\n<p class=\"MsoNormal\">Lieben Sie Stoffe zu Zivilcourage, Geschwister Scholl, Schmorell, John F. Kennedy?<br \/>\nDann lieben Sie auch den Stoff &gt; A N T A R I S &lt; (aus unserer Feder) !<\/p>\n<p class=\"MsoNormal\">Kennen und lieben Sie also den Stoff &gt;A N T A R I S&lt; , dann kennen Sie diese nun folgende Geschichte!<\/p>\n<p class=\"MsoNormal\">Der Film beginnt mit einer Vorblende<\/p>\n<p class=\"MsoNormal\">auf das Jahr 1999, November 28, Sonntag 04.15 Uhr p.m.<\/p>\n<p class=\"MsoNormal\">eisig kalt . . . .<\/p>\n<p class=\"MsoNormal\">hunderttausende Menschen<\/p>\n<p class=\"MsoNormal\">Washington D.C.<\/p>\n<p class=\"MsoNormal\">Szenen vor und auf den Stufen des Lincoln Memorial . . . zwei M\u00e4nner, die als Kinder eng miteinander befreundet, sich geliebt hatten, st\u00fcrzen \u2013 von Gewehrsalven getroffen \u2013 w\u00e4hrend einer Rede zu Boden . . .<\/p>\n<p class=\"MsoNormal\">viele Jahre vorher . . . ein heisser Sommer-Sonntag<\/p>\n<p class=\"MsoNormal\">PASSAU, die Dreifl\u00fcssestadt von weit oben aus der Vogelperspektive . . .<\/p>\n<p class=\"MsoNormal\">dann der Residenzplatz, absolute Ruhe mit Ausnahme des Planschens zweier kleiner Jungen im barocken Springbrunnen mitten auf dem Platz zur br\u00fctend hei\u00dfen Mittagszeit . . . niemand beobachtet sie . . .<\/p>\n<p class=\"MsoNormal\">Ihre Welt &#8211; eine zutiefst romantische und geborgene . . .<\/p>\n<p class=\"MsoNormal\">Die Jungen leben ihre Welt und sie ist auch die ihrer Streiche. Die reichen dann doch zu weit. Sie werden zwangsgetrennt. Der eine \u2013 Alexander Sanders &#8211; zieht mit seinen Eltern nach England, der andere \u2013 Konstantin Maynburg &#8211; bleibt zur\u00fcck . . . einsam und voller Wehmut.<\/p>\n<p class=\"MsoNormal\">Mit M\u00fche und Not schafft er dann doch noch am Gymnasium das Abitur. Er darf den Mittelsatz seines Klavierkonzertes mit dem Schulorchester im Rahmen der Abiturfeier zur Auff\u00fchrung bringen, was diejenigen, die ihn aus der Schule verwiesen sehen wollten, in Rage versetzt.<\/p>\n<p class=\"MsoNormal\">Erf\u00fcllt von Sehns\u00fcchten und Tr\u00e4umen verl\u00e4sst er seine Heimatstadt und zieht nach Lausanne in der Schweiz, um dort zu studieren.<br \/>\nCorine de Bourget, lebend an dem wundersch\u00f6nen Lac de Bourget, s\u00fcdlich von Genf, verliebt sich in diesen Konstantin Maynburg, diesem Deutschen, der einem Traum nachfolgt und den schrecklichen Geheimnissen in dieser Welt begegnet, deswegen irgendwann auch gejagt wird &#8211; von merkw\u00fcrdigen M\u00e4chten, die Macht auch \u00fcber ihn zu haben scheinen.<br \/>\n<!--[if !supportLineBreakNewLine]--><br \/>\n<!--[endif]--><\/p>\n<p class=\"MsoNormal\">Lac du Bourget, 76 Km s\u00fcdlich von Genf, in Frankreich.<br \/>\nEs kommt zum Streit mit dem Vater von Corine, einem Schlossbesitzer und weltweit gr\u00f6\u00dftem D\u00fcngemittelfabrikanten, der daf\u00fcr Sorge tr\u00e4gt, dass die Felder immer mehr vergiftet werden.<br \/>\nCorine entscheidet sich gezwungenerma\u00dfen f\u00fcr ihren Vater. Ihre Mutter bedauert dies zutiefst.<\/p>\n<p class=\"MsoNormal\">Konstantin zieht nach Bonn, erh\u00e4lt durch die Unverbl\u00fcmtheit eines Staatssekret\u00e4rs Einblick in die Machenschaften der Politik, bekommt einen Auftrag f\u00fcr Washington, trifft seinen ehemaligen Freund Mark Finn, der inzwischen Pr\u00e4sidentenberater geworden ist &#8211; begegnet einer Jennifer Burt im Park des Weissen Hauses. Er erkennt sie nicht &#8211; aber sie ist die Tochter des US-Pr\u00e4sidenten Birch Burt, die mit einigen Mitgliedern des Senats gegen ihren eigenen Vater verschworen hat, der sich in kriminellen Kreisen, die die Welt faktisch steuern, bewegt.<\/p>\n<p class=\"MsoNormal\">Konstantin wird verfolgt &#8211; nun offen &#8211; muss fliehen, trifft jedoch immer wieder auf Personen, die ihm helfen. In einem Fall st\u00fcrzt er mit einem Taxi n\u00e4chtlich in den Potomac, wird von einem Arzt von dessen Yacht aus gerettet und \u00e4rztlich versorgt. Und trotz dieser unglaublichen Misere gelingt ihm noch die Kontaktnahme zu einem US-Senator, der mit Jennifer zusammenarbeitet, der ihm auch zu einem Zutritt zu dem streng bewachten Geheimarchiv verhilft. Er erf\u00e4hrt dort konkret, durch Dokumente belegt, die Hintergr\u00fcnde einer hochkriminellen Politik und eines Doppelspiels der Regierung der USA.<br \/>\nDas Material greift er sich unter die Arme und er kann damit entfliehen &#8211; auf einem Schiff Richtung Genua. Auf diesem erf\u00e4hrt er jedoch von einem Flugzeugabsturz und vom Tod Jennifers wie des Senators.<\/p>\n<p class=\"MsoNormal\">Tief ist der Schmerz, denn Jennifers Liebe zu ihm war gross, so gross wie seine zu ihr!<br \/>\nVor der Anlandung in Genua l\u00e4sst er sich von einer kleinen Barkasse an die felsige K\u00fcste bringen &#8211; zusammen mit einer Italienerin, die ihn tr\u00f6stet. Sie haben Gl\u00fcck &#8211; die Verfolger verfehlen sie und er kann \u00fcber die UPI wie \u00fcber andere Nachrichtendienste Dokumente aus dem Geheimarchiv ver\u00f6ffentlichen. Diese belegen die zynisch-heuchlerische Politik der Regierung in Washington auf Kosten der Menschen in allen L\u00e4ndern, auf Kosten ihrer Lebensgrundlagen.<\/p>\n<p class=\"MsoNormal\">Er erf\u00e4hrt, dass sie Terroranschl\u00e4ge inszenieren, um die Bev\u00f6lkerung im eigenen Land entm\u00fcndigen, ja um die ganze Welt terrorisieren zu k\u00f6nnen . . .<\/p>\n<p class=\"MsoNormal\">Die Ereignisse des 11.9.2001 werden vorausgezeichnet . . .<\/p>\n<p>Konstantin muss weiter fliehen, flieht in seine Heimatstadt, besucht dort die Stellen seiner Kindheit, den Residenzplatz, sein Geburtshaus, erf\u00e4hrt vom Tod seiner Eltern, besucht ihr Grab in der Innstadt \u00fcber`m Fluss hinweg, begegnet auf dem R\u00fcckweg einem M\u00e4dchen, das ihm von hinten die Augen zudr\u00fcckt und ihn r\u00e4tseln l\u00e4sst.<\/p>\n<p>Aber sie l\u00e4uft weg, als Konstantin &#8222;Jennifer&#8220; ruft. Er erkennt den Irrtum &#8211; es war Corine; er versucht sie zu finden. Sie begegnen sich kurze Zeit sp\u00e4ter wieder und beschlie\u00dfen, die Verfolger abzuh\u00e4ngen.<\/p>\n<p class=\"MsoNormal\">\n<p class=\"MsoNormal\"><span style=\"font-size: 13pt;\">Sie befinden sich im Zug nach Lausanne, schlie\u00dflich auf dem Weg zum Schloss von Corines Vater. Der liegt bereits grausam im Sterben. In seiner Notlage wird er seiner Fehler bewu\u00dft und w\u00fcrdigt Konstantin. Corine und der gemeinsame Freund Titus richten sich auf eine lange, ruhige Nacht ein. Jedoch &#8211; das Schloss ist bereits von Geheimdienstkr\u00e4ften umstellt. Sie beschlie\u00dfen, sich nur noch schriftlich und per Zeichen zu unterhalten. Konstantin verl\u00e4\u00dft den Raum, will sich im Schloss nach einem Schlupfweg umsehen, jedoch, er kommt von seiner Recherche nicht zur\u00fcck. Corine f\u00e4llt schockiert in einen tiefen Traum, der sie f\u00fchrt aus dem Schloss heraus zusammen mit Konstantin und Titus, sie mitten im Genfer See in ein Raumschiff steigen l\u00e4sst!<\/span><\/p>\n<p>Sie tr\u00e4umt, wie sie Washington mit diesem Raumschiff &gt;ANTARIS&lt; erreichen und dann schlie\u00dflich doch \u2013 entgegen jeglicher Erwartung &#8211; in einer landesweit verbreiteten Tageszeitung ein Inserat schalten k\u00f6nnen.<\/p>\n<p>Trotz zahlreicher Widrigkeiten gelangen sie wie geplant an diesem 28. Novembertag nach Washington D.C. zu den S\u00e4ulen des Lincoln Memorial, auf dessen obersten Stufen Konstantin seine Rede halten soll, in der er auf die Hintergr\u00fcnde in der Politik einzugehen gedenkt.<\/p>\n<p>Sie beginnt dramatisch und h\u00f6rt entsprechend auf. Konstantin wird erschossen (ob im Traum oder nicht). Jedenfalls berichtet eine franz\u00f6sische Zeitung davon, die Corine durch Titus, dem gemeinsamen Freund nach ihrem Erwachen aus ihrem Traum vorgelegt wird. Die Rede Konstantins und das Szenario drum herum l\u00f6st eine positive Bewegung in der US-Bev\u00f6lkerung aus!<\/p>\n<p>Hunderttausende, vielleicht \u00fcber ein Million Menschen waren an diesem 28. November zusammengekommen; viele unter ihnen wollten grundlegende Fragen kurz vor Jahrtausendwende in der Zeit gr\u00f6\u00dfter Not auch in den USA beantwortet haben!<\/p>\n<p>Im Traum oder Nicht-Traum schafft Konstantin es, die Verbindung von Politik und Volk darzustellen! Es (das Volk) beginnt die Zusammenh\u00e4nge zwischen sich und der politischen Spitze zu erkennen, zu erkennen, dass das Volk (und jeder einzelne in ihm) es ist, welches diese Kr\u00e4fte schafft, die es ruinieren!<\/p>\n<p>Das ist die grobe inhaltliche Struktur des Filmstoffes &#8222;A N T A R I S&#8220;. <strong>Er l\u00e4sst die Sinne \u00fcber das Eigene und Egoiszentrische hinauswachsen. Die Sehns\u00fcchte nach einer h\u00f6heren Welt beinhalten gleichzeitig die L\u00f6sungen f\u00fcr alles Begrenzte, Irdische, Unzul\u00e4ngliche, Kleinliche und Be\u00e4ngstigende . . . <\/strong><\/p>\n<p><!--[if !supportLineBreakNewLine]--><br \/>\n<!--[endif]--><\/p>\n<p class=\"MsoNormal\">\n<p class=\"MsoNormal\"><span style=\"font-size: 13pt;\" lang=\"EN-GB\">\u00a9 copyright*robert kendel*1 9 8 6<\/span><\/p>\n<p class=\"MsoNormal\"><span style=\"font-size: 13pt;\">M\u00fcnchen 1986<\/span><\/p>\n<p><!--[if !supportLineBreakNewLine]--><br \/>\n<!--[endif]--><\/p>\n<p class=\"MsoNormal\"><span style=\"font-size: 13pt;\"><br \/>\n<!--[if !supportLineBreakNewLine]--><br \/>\n<!--[endif]--><\/span><\/p>\n<p class=\"MsoNormal\">______________________________________<\/p>\n<p class=\"MsoNormal\">wichtige Seiten zu ANTARIS<\/p>\n<p class=\"MsoNormal\">Seite 142\/ 143i.V. m. Cover New York Geheimpl\u00e4ne zum 11.9.2001<\/p>\n<p class=\"MsoNormal\">\n<p class=\"MsoNormal\">Seite 103 \/ 104\u201e. . . . Oh Konstantin! Du kannst nicht wissen, wie es mittlerweile in Washington wirklich ist! . . . Ich hasse sie, weil sie es so wenig wagen, ihr geheimnisvolles Treiben offenzulegen, es vielmehr vorziehen, im Verborgenen vorzugehen! . . . .\u201c<\/p>\n<p class=\"MsoNormal\">Seite 228 Die Erl\u00f6sung (aus einem Traum oder auch nicht)<\/p>\n<p class=\"MsoNormal\">\u201e. . . . Da die Kl\u00e4nge von vorhin wieder. Tausende richten ihre Blicke hoch, sehen eine Flotte seltsam schimmernder, hoch \u00fcber der St\u00e4tte schwebender Objekte, deren Landescheinwerfer gespenstische Farben \u00fcber die Stadt werfen. Das gr\u00f6\u00dfte der Raumschiffe mit den silbernen Lettern \u201eAntaris\u201c landet auf dem Potomac . . .\u201c<\/p>\n<p class=\"MsoNormal\">\n<p class=\"MsoNormal\"><a href=\"http:\/\/fmtvnet.wordpress.com\/\">zur Titelseite <\/a><\/p>\n","protected":false},"excerpt":{"rendered":"<p>Buch (Roman) &gt;ANTARIS&lt; (1986) Autor: Robert Kendel (Pseudonym\u00a0des Dr. J.B. Koeppl) In diesem Roman steht schon seit 1986 auf Seite 142 die GEHEIMSTRATEGIE, die u.a. am 11\/9, konkret am 11.9.2001 im WTC und WDC zur Anwendung gebracht wurde. Auch wurden zusammen mit den B\u00fcchern MRCA-TORNADO und DWGM die heutigen Massenarmutstendenzen (Weltfinanzkatastrophe) vorausgezeichnet. Das Buch ist [&hellip;]<\/p>\n","protected":false},"author":2,"featured_media":0,"parent":0,"menu_order":0,"comment_status":"open","ping_status":"closed","template":"","meta":[],"_links":{"self":[{"href":"https:\/\/www.fm-tv.net\/wordpress\/index.php?rest_route=\/wp\/v2\/pages\/329"}],"collection":[{"href":"https:\/\/www.fm-tv.net\/wordpress\/index.php?rest_route=\/wp\/v2\/pages"}],"about":[{"href":"https:\/\/www.fm-tv.net\/wordpress\/index.php?rest_route=\/wp\/v2\/types\/page"}],"author":[{"embeddable":true,"href":"https:\/\/www.fm-tv.net\/wordpress\/index.php?rest_route=\/wp\/v2\/users\/2"}],"replies":[{"embeddable":true,"href":"https:\/\/www.fm-tv.net\/wordpress\/index.php?rest_route=%2Fwp%2Fv2%2Fcomments&post=329"}],"version-history":[{"count":1,"href":"https:\/\/www.fm-tv.net\/wordpress\/index.php?rest_route=\/wp\/v2\/pages\/329\/revisions"}],"predecessor-version":[{"id":14384,"href":"https:\/\/www.fm-tv.net\/wordpress\/index.php?rest_route=\/wp\/v2\/pages\/329\/revisions\/14384"}],"wp:attachment":[{"href":"https:\/\/www.fm-tv.net\/wordpress\/index.php?rest_route=%2Fwp%2Fv2%2Fmedia&parent=329"}],"curies":[{"name":"wp","href":"https:\/\/api.w.org\/{rel}","templated":true}]}}