{"id":582,"date":"2008-10-06T00:07:05","date_gmt":"2008-10-06T00:07:05","guid":{"rendered":"http:\/\/fmtvnet.wordpress.com\/?page_id=582"},"modified":"2008-10-06T00:07:05","modified_gmt":"2008-10-06T00:07:05","slug":"begrusung","status":"publish","type":"page","link":"https:\/\/www.fm-tv.net\/wordpress\/?page_id=582","title":{"rendered":"ER\u00d6FFNUNGS-Trailer"},"content":{"rendered":"<p><a href=\"http:\/\/server.fm-tv.net\/trailer\/index2.html\" target=\"_blank\">FM-TV-Er\u00f6ffnungstrailer<\/a><\/p>\n<p>[wpvideo YW7MPdRf]<\/p>\n<p>Liebe Zuschauerinnen und Zuschauer, liebe Leser,<\/p>\n<p>der Name FM-TV steht f\u00fcr freie Meinungs\u00e4usserung.<br \/>\nDie intakte Welt wird nur vorgegaukelt. Die Probleme von heute \u2013 auch Ihre Probleme \u2013 kommen nicht von ungef\u00e4hr. Ob als Unternehmer oder als Konsument, ob als B\u00fcrger oder als Beamter . . . mehr oder weniger sie alle haben mit den gleichen Ursachen zu k\u00e4mpfen: MEINUNGSUNTERDR\u00dcCKUNG etwa durch Gro\u00dfmedien.<br \/>\nMEINUNGSUNTERDR\u00dcCKUNG bedeutet unter anderem folgendes:<br \/>\n&#8211; Unterdr\u00fcckung \/ Nichtf\u00f6rderung von positiven Erfindungen<br \/>\n&#8211; Unterdr\u00fcckung von positiven Pers\u00f6nlichkeiten und M\u00f6glichkeiten<\/p>\n<p>Insgesamt: Entwicklung Richtung Massenarmut und Verlust der nat\u00fcrlichen Lebensgrundlagen . . ..<br \/>\nFreie und zugleich positive Meinungs\u00e4usserung bedeutet letztendlich daher AUFSCHWUNG, WOHLSTAND.<\/p>\n<p>30 Jahre voraus . . .<br \/>\nin den 70er Jahren, gab es Ver\u00f6ffentlichungen in Weltmedien &#8211; im sogenannten freien Westen. Es war eine Zeit von mehr Verantwortung f\u00fcr die Welt, welche die Kennedys hinterlassen hatten.<br \/>\nMedien hatten sich in dieser Zeit gegen Kr\u00e4fte gestellt, die Haushaltskassen, sprich Steuergelder in Hunderten von Milliarden US-Dollar pl\u00fcnderten. Somit hatten Massenmedien damals Massenarmut erst gar nicht aufkommen lassen.<br \/>\nIm anschlie\u00dfenden Videotrailer wird gezeigt, wie ein junger Deutscher damals \u2013 1980\/1981 \u2013 \u00fcber ein hohes CDU-Mitglied (Manfred W\u00f6rner) Zugang zu den gr\u00f6\u00dften Medien und Parlamenten der damaligen freien Welt (NEWSWEEK, FINANCIAL TIMES, ARD, DER SPIEGEL etc., US-SENATS RECORDS, Deutsche Bundestagsdrucksache) fand, obgleich er sich gegen Kr\u00e4fte stellte, die Steuergelder in Hunderten von Milliarden US-Dollar verschwendet bzw. sich einverleibt hatten . . .<\/p>\n<p>Aus diesem Geist ist FM-TV gemacht . . .<\/p>\n<p>zum Er\u00f6ffnungstrailer<a href=\"http:\/\/server.fm-tv.net\/trailer\/index2.html\">: <\/a><a href=\"http:\/\/server.fm-tv.net\/trailer\/index2.html\">&#8222;Ein wehrhafter Deutscher gegen Verursacher von Massenarmut&#8220;<\/a><\/p>\n<p><a href=\"http:\/\/fmtvnet.wordpress.com\/\">zur Titelseite<\/a><\/p>\n","protected":false},"excerpt":{"rendered":"<p>FM-TV-Er\u00f6ffnungstrailer [wpvideo YW7MPdRf] Liebe Zuschauerinnen und Zuschauer, liebe Leser, der Name FM-TV steht f\u00fcr freie Meinungs\u00e4usserung. Die intakte Welt wird nur vorgegaukelt. Die Probleme von heute \u2013 auch Ihre Probleme \u2013 kommen nicht von ungef\u00e4hr. Ob als Unternehmer oder als Konsument, ob als B\u00fcrger oder als Beamter . . . mehr oder weniger sie alle [&hellip;]<\/p>\n","protected":false},"author":2,"featured_media":0,"parent":0,"menu_order":0,"comment_status":"open","ping_status":"closed","template":"","meta":[],"_links":{"self":[{"href":"https:\/\/www.fm-tv.net\/wordpress\/index.php?rest_route=\/wp\/v2\/pages\/582"}],"collection":[{"href":"https:\/\/www.fm-tv.net\/wordpress\/index.php?rest_route=\/wp\/v2\/pages"}],"about":[{"href":"https:\/\/www.fm-tv.net\/wordpress\/index.php?rest_route=\/wp\/v2\/types\/page"}],"author":[{"embeddable":true,"href":"https:\/\/www.fm-tv.net\/wordpress\/index.php?rest_route=\/wp\/v2\/users\/2"}],"replies":[{"embeddable":true,"href":"https:\/\/www.fm-tv.net\/wordpress\/index.php?rest_route=%2Fwp%2Fv2%2Fcomments&post=582"}],"version-history":[{"count":0,"href":"https:\/\/www.fm-tv.net\/wordpress\/index.php?rest_route=\/wp\/v2\/pages\/582\/revisions"}],"wp:attachment":[{"href":"https:\/\/www.fm-tv.net\/wordpress\/index.php?rest_route=%2Fwp%2Fv2%2Fmedia&parent=582"}],"curies":[{"name":"wp","href":"https:\/\/api.w.org\/{rel}","templated":true}]}}